{"id":75,"date":"2020-01-27T08:29:32","date_gmt":"2020-01-27T07:29:32","guid":{"rendered":"https:\/\/demosites.io\/web-agency-gb\/?page_id=75"},"modified":"2024-10-24T12:11:53","modified_gmt":"2024-10-24T10:11:53","slug":"15c42-web-agency-gb-contact-us","status":"publish","type":"page","link":"https:\/\/www.fgm-partners.com\/?page_id=75","title":{"rendered":"Nous Contacter"},"content":{"rendered":"<p>[et_pb_section fb_built=&#8221;1&#8243; admin_label=&#8221;Header&#8221; _builder_version=&#8221;4.23.4&#8243; background_image=&#8221;https:\/\/www.fgm-partners.com\/wp-content\/uploads\/2024\/01\/Un-support-reactif-1-scaled.jpg&#8221; background_size=&#8221;custom&#8221; background_image_width=&#8221;43%&#8221; background_image_height=&#8221;72%&#8221; background_position=&#8221;bottom_right&#8221; background_horizontal_offset=&#8221;6%&#8221; background_vertical_offset=&#8221;5%&#8221; custom_padding=&#8221;0|0px|0|0px|false|false&#8221; animation_style=&#8221;zoom&#8221; hover_enabled=&#8221;0&#8243; background_last_edited=&#8221;on|desktop&#8221; locked=&#8221;off&#8221; global_colors_info=&#8221;{}&#8221; background_image_width_phone=&#8221;0%&#8221; sticky_enabled=&#8221;0&#8243; background_vertical_offset_phone=&#8221;66%&#8221; background_horizontal_offset_phone=&#8221;-4%&#8221; background_position_phone=&#8221;top_right&#8221;][et_pb_row column_structure=&#8221;3_5,2_5&#8243; _builder_version=&#8221;4.16&#8243; custom_padding=&#8221;0|0px|0px|0px|false|false&#8221; global_colors_info=&#8221;{}&#8221;][et_pb_column type=&#8221;3_5&#8243; _builder_version=&#8221;4.16&#8243; custom_padding=&#8221;180px|||&#8221; custom_padding_tablet=&#8221;40px|||&#8221; custom_padding_phone=&#8221;40px|||&#8221; custom_padding_last_edited=&#8221;on|tablet&#8221; global_colors_info=&#8221;{}&#8221; custom_padding__hover=&#8221;|||&#8221;][et_pb_text _builder_version=&#8221;4.23.4&#8243; text_font=&#8221;Lato||||||||&#8221; text_font_size=&#8221;23px&#8221; text_line_height=&#8221;1.8em&#8221; header_font=&#8221;Lato|900|||||||&#8221; header_font_size=&#8221;76px&#8221; header_line_height=&#8221;1.2em&#8221; width=&#8221;98%&#8221; custom_margin=&#8221;||163px|||&#8221; custom_margin_tablet=&#8221;||30px|&#8221; custom_margin_phone=&#8221;&#8221; custom_margin_last_edited=&#8221;on|tablet&#8221; animation_style=&#8221;zoom&#8221; text_font_size_tablet=&#8221;24px&#8221; text_font_size_phone=&#8221;16px&#8221; text_font_size_last_edited=&#8221;on|phone&#8221; header_font_size_tablet=&#8221;50px&#8221; header_font_size_phone=&#8221;32px&#8221; header_font_size_last_edited=&#8221;on|phone&#8221; global_colors_info=&#8221;{}&#8221;]<\/p>\n<h1>Nous Contacter<\/h1>\n<p>&nbsp;<\/p>\n<p>[\/et_pb_text][\/et_pb_column][et_pb_column type=&#8221;2_5&#8243; _builder_version=&#8221;4.16&#8243; custom_padding=&#8221;|||&#8221; global_colors_info=&#8221;{}&#8221; custom_padding__hover=&#8221;|||&#8221;][\/et_pb_column][\/et_pb_row][\/et_pb_section][et_pb_section fb_built=&#8221;1&#8243; admin_label=&#8221;Contact Info&#8221; _builder_version=&#8221;4.16&#8243; custom_padding=&#8221;0|0px|18px|0px|false|false&#8221; locked=&#8221;off&#8221; global_colors_info=&#8221;{}&#8221;][et_pb_row column_structure=&#8221;1_3,1_3,1_3&#8243; _builder_version=&#8221;4.23.4&#8243; background_color=&#8221;#003374&#8243; max_width=&#8221;80%&#8221; custom_margin=&#8221;-27px|auto||auto||&#8221; custom_padding=&#8221;37px|40px|37px|40px|true|true&#8221; animation_style=&#8221;flip&#8221; animation_direction=&#8221;bottom&#8221; background_last_edited=&#8221;on|desktop&#8221; animation_repeat_tablet=&#8221;loop&#8221; animation_repeat_phone=&#8221;loop&#8221; animation_repeat_last_edited=&#8221;on|desktop&#8221; box_shadow_style=&#8221;preset1&#8243; box_shadow_horizontal=&#8221;30px&#8221; box_shadow_vertical=&#8221;30px&#8221; box_shadow_blur=&#8221;60px&#8221; box_shadow_spread=&#8221;-10px&#8221; box_shadow_color=&#8221;rgba(0,0,0,0.5)&#8221; use_custom_width=&#8221;on&#8221; width_unit=&#8221;off&#8221; global_colors_info=&#8221;{}&#8221;][et_pb_column type=&#8221;1_3&#8243; _builder_version=&#8221;4.23.4&#8243; custom_padding=&#8221;|||&#8221; global_colors_info=&#8221;{}&#8221; custom_padding__hover=&#8221;|||&#8221;][et_pb_blurb title=&#8221;Adresse&#8221; use_icon=&#8221;on&#8221; font_icon=&#8221;&#xe081;||divi||400&#8243; icon_color=&#8221;#ffffff&#8221; image_icon_width=&#8221;32px&#8221; title_tablet=&#8221;Adresse&#8221; title_phone=&#8221;Adresse&#8221; title_last_edited=&#8221;on|desktop&#8221; _builder_version=&#8221;4.23.4&#8243; header_font=&#8221;Lato|900|||||||&#8221; header_font_size=&#8221;23px&#8221; header_letter_spacing=&#8221;1px&#8221; header_line_height=&#8221;1.6em&#8221; body_font_size=&#8221;16px&#8221; text_orientation=&#8221;center&#8221; background_layout=&#8221;dark&#8221; animation=&#8221;off&#8221; header_font_size_tablet=&#8221;23px&#8221; header_font_size_phone=&#8221;23px&#8221; header_font_size_last_edited=&#8221;on|desktop&#8221; body_font_size_tablet=&#8221;16px&#8221; body_font_size_phone=&#8221;16px&#8221; body_font_size_last_edited=&#8221;on|desktop&#8221; icon_font_size=&#8221;32px&#8221; global_colors_info=&#8221;{}&#8221;]<\/p>\n<p>13 Boulevard de la Corderie, 13007 Marseille<\/p>\n<p>[\/et_pb_blurb][\/et_pb_column][et_pb_column type=&#8221;1_3&#8243; _builder_version=&#8221;4.16&#8243; custom_padding=&#8221;|||&#8221; global_colors_info=&#8221;{}&#8221; custom_padding__hover=&#8221;|||&#8221;][et_pb_blurb title=&#8221;T\u00e9l\u00e9phone&#8221; url=&#8221;tel:0624501700&#8243; url_new_window=&#8221;on&#8221; use_icon=&#8221;on&#8221; font_icon=&#8221;&#xe00b;||divi||400&#8243; icon_color=&#8221;#ffffff&#8221; image_icon_width=&#8221;32px&#8221; _builder_version=&#8221;4.23.4&#8243; header_font=&#8221;Lato|900|||||||&#8221; header_text_color=&#8221;#FFFFFF&#8221; header_font_size=&#8221;23px&#8221; header_letter_spacing=&#8221;1px&#8221; header_line_height=&#8221;1.6em&#8221; body_text_color=&#8221;#FFFFFF&#8221; body_font_size=&#8221;16px&#8221; text_orientation=&#8221;center&#8221; background_layout=&#8221;dark&#8221; animation=&#8221;off&#8221; link_option_url=&#8221;tel:0624501700&#8243; header_text_color_tablet=&#8221;#FFFFFF&#8221; header_text_color_phone=&#8221;#FFFFFF&#8221; header_text_color_last_edited=&#8221;on|tablet&#8221; header_font_size_tablet=&#8221;23px&#8221; header_font_size_phone=&#8221;23px&#8221; header_font_size_last_edited=&#8221;on|desktop&#8221; body_text_color_tablet=&#8221;#FFFFFF&#8221; body_text_color_phone=&#8221;#FFFFFF&#8221; body_text_color_last_edited=&#8221;on|desktop&#8221; body_font_size_tablet=&#8221;16px&#8221; body_font_size_phone=&#8221;16px&#8221; body_font_size_last_edited=&#8221;on|desktop&#8221; background_layout_tablet=&#8221;dark&#8221; background_layout_phone=&#8221;dark&#8221; background_layout_last_edited=&#8221;on|desktop&#8221; icon_font_size=&#8221;32px&#8221; locked=&#8221;off&#8221; global_colors_info=&#8221;{}&#8221;]<\/p>\n<p><a href=\"tel:0448270145\"><strong>06 24 50 17 00<\/strong><\/a><\/p>\n<p>[\/et_pb_blurb][\/et_pb_column][et_pb_column type=&#8221;1_3&#8243; _builder_version=&#8221;4.16&#8243; custom_padding=&#8221;|||&#8221; global_colors_info=&#8221;{}&#8221; custom_padding__hover=&#8221;|||&#8221;][et_pb_blurb title=&#8221;Email&#8221; url=&#8221;mailto:contact@fgm-partners.com&#8221; url_new_window=&#8221;on&#8221; use_icon=&#8221;on&#8221; font_icon=&#8221;&#xe076;||divi||400&#8243; icon_color=&#8221;#ffffff&#8221; image_icon_width=&#8221;32px&#8221; content_tablet=&#8221;<\/p>\n<p><strong><a href=%22mailto:support@yeeeva.com%22>contact@fgm-partners.com<\/a><\/strong><\/p>\n<p>&#8221; content_phone=&#8221;<\/p>\n<p><strong><a href=%22mailto:support@yeeeva.com%22>contact@fgm-partners.com<\/a><\/strong><\/p>\n<p>&#8221; content_last_edited=&#8221;on|desktop&#8221; _builder_version=&#8221;4.23.4&#8243; header_font=&#8221;Lato|900|||||||&#8221; header_font_size=&#8221;23px&#8221; header_letter_spacing=&#8221;1px&#8221; header_line_height=&#8221;1.6em&#8221; body_font_size=&#8221;16px&#8221; text_orientation=&#8221;center&#8221; background_layout=&#8221;dark&#8221; animation=&#8221;off&#8221; header_font_size_tablet=&#8221;23px&#8221; header_font_size_phone=&#8221;23px&#8221; header_font_size_last_edited=&#8221;on|desktop&#8221; body_font_size_tablet=&#8221;16px&#8221; body_font_size_phone=&#8221;16px&#8221; body_font_size_last_edited=&#8221;on|desktop&#8221; icon_font_size=&#8221;32px&#8221; locked=&#8221;off&#8221; global_colors_info=&#8221;{}&#8221;]<\/p>\n<p><strong><a href=\"mailto:contact@fgm-partners.com\">contact@fgm-partners.com<\/a><\/strong><\/p>\n<p>[\/et_pb_blurb][\/et_pb_column][\/et_pb_row][et_pb_row custom_padding_last_edited=&#8221;on|tablet&#8221; padding_top_bottom_link_1=&#8221;true&#8221; padding_left_right_link_1=&#8221;true&#8221; _builder_version=&#8221;4.23.4&#8243; max_width=&#8221;80%&#8221; custom_padding=&#8221;0|13.5vw|0|13.5vw|true|true&#8221; custom_padding_tablet=&#8221;|0vw||0vw||true&#8221; custom_padding_phone=&#8221;&#8221; animation_style=&#8221;flip&#8221; animation_direction=&#8221;bottom&#8221; animation_repeat_tablet=&#8221;loop&#8221; animation_repeat_phone=&#8221;loop&#8221; animation_repeat_last_edited=&#8221;on|desktop&#8221; use_custom_width=&#8221;on&#8221; width_unit=&#8221;off&#8221; locked=&#8221;off&#8221; global_colors_info=&#8221;{}&#8221;][et_pb_column type=&#8221;4_4&#8243; _builder_version=&#8221;4.23.4&#8243; background_color=&#8221;#8099ba&#8221; custom_padding=&#8221;30px|30px|30px|30px&#8221; global_colors_info=&#8221;{}&#8221; custom_padding__hover=&#8221;|||&#8221;][et_pb_heading title=&#8221;Venez nous rencontrer sur Linkedin !&#8221; _builder_version=&#8221;4.23.4&#8243; _module_preset=&#8221;default&#8221; title_font=&#8221;|700|||||||&#8221; title_text_color=&#8221;#FFFFFF&#8221; title_font_size=&#8221;23px&#8221; title_text_color_tablet=&#8221;#FFFFFF&#8221; title_text_color_phone=&#8221;#FFFFFF&#8221; title_text_color_last_edited=&#8221;on|desktop&#8221; title_font_size_tablet=&#8221;23px&#8221; title_font_size_phone=&#8221;23px&#8221; title_font_size_last_edited=&#8221;on|desktop&#8221; global_colors_info=&#8221;{}&#8221;][\/et_pb_heading][et_pb_social_media_follow _builder_version=&#8221;4.23.4&#8243; text_orientation=&#8221;center&#8221; border_radii=&#8221;on|50px|50px|50px|50px&#8221; border_width_all=&#8221;10px&#8221; border_color_all=&#8221;rgba(0,0,0,0)&#8221; locked=&#8221;off&#8221; global_colors_info=&#8221;{}&#8221;][et_pb_social_media_follow_network social_network=&#8221;linkedin&#8221; url=&#8221;https:\/\/www.linkedin.com\/company\/fgm-partners-consulting\/&#8221; _builder_version=&#8221;4.23.4&#8243; background_color=&#8221;#0C71C3&#8243; background_enable_color=&#8221;on&#8221; custom_margin=&#8221;|10px||10px||true&#8221; background_last_edited=&#8221;on|desktop&#8221; global_colors_info=&#8221;{}&#8221; follow_button=&#8221;off&#8221; url_new_window=&#8221;on&#8221;]linkedin[\/et_pb_social_media_follow_network][\/et_pb_social_media_follow][\/et_pb_column][\/et_pb_row][\/et_pb_section][et_pb_section fb_built=&#8221;1&#8243; admin_label=&#8221;Footer&#8221; _builder_version=&#8221;4.16&#8243; custom_padding=&#8221;0||0px||false|false&#8221; locked=&#8221;off&#8221; global_colors_info=&#8221;{}&#8221;][et_pb_row _builder_version=&#8221;4.23.4&#8243; custom_padding=&#8221;0|0px|0|0px|false|false&#8221; animation_style=&#8221;roll&#8221; animation_repeat_tablet=&#8221;loop&#8221; animation_repeat_phone=&#8221;loop&#8221; animation_repeat_last_edited=&#8221;on|desktop&#8221; locked=&#8221;off&#8221; global_colors_info=&#8221;{}&#8221;][et_pb_column type=&#8221;4_4&#8243; _builder_version=&#8221;4.16&#8243; custom_padding=&#8221;|||&#8221; global_colors_info=&#8221;{}&#8221; custom_padding__hover=&#8221;|||&#8221;][et_pb_image src=&#8221;https:\/\/www.fgm-partners.com\/wp-content\/uploads\/2024\/02\/Une-methodologie-eprouvee.jpg&#8221; alt=&#8221;Des comp\u00e9tences \u00e9tendues pour une intervention cibl\u00e9e \u00e0 chaque \u00e9tape de la supply chain&#8221; title_text=&#8221;Une m\u00e9thodologie \u00e9prouv\u00e9e&#8221; align=&#8221;right&#8221; src_tablet=&#8221;https:\/\/www.fgm-partners.com\/wp-content\/uploads\/2024\/02\/Une-methodologie-eprouvee.jpg&#8221; src_phone=&#8221;https:\/\/www.fgm-partners.com\/wp-content\/uploads\/2024\/02\/Une-methodologie-eprouvee.jpg&#8221; src_last_edited=&#8221;on|desktop&#8221; _builder_version=&#8221;4.23.4&#8243; width=&#8221;15%&#8221; width_tablet=&#8221;15%&#8221; width_phone=&#8221;15%&#8221; width_last_edited=&#8221;on|desktop&#8221; max_width_tablet=&#8221;100px&#8221; max_width_phone=&#8221;&#8221; max_width_last_edited=&#8221;on|tablet&#8221; custom_padding=&#8221;0px||47px|||&#8221; animation_style=&#8221;roll&#8221; animation_direction=&#8221;bottom&#8221; animation_intensity_roll=&#8221;3%&#8221; always_center_on_mobile=&#8221;off&#8221; global_colors_info=&#8221;{}&#8221;][\/et_pb_image][\/et_pb_column][\/et_pb_row][\/et_pb_section]<\/p>\n","protected":false},"excerpt":{"rendered":"<p>Nous Contacter &nbsp;13 Boulevard de la Corderie, 13007 Marseille06 24 50 17 00contact@fgm-partners.com<\/p>\n","protected":false},"author":1,"featured_media":0,"parent":0,"menu_order":0,"comment_status":"closed","ping_status":"closed","template":"","meta":{"_et_pb_use_builder":"on","_et_pb_old_content":"<!-- wp:cover {\"overlayColor\":\"nv-light-bg\",\"minHeight\":203,\"minHeightUnit\":\"px\",\"align\":\"full\"} -->\n<div class=\"wp-block-cover alignfull\" style=\"min-height:203px\"><span aria-hidden=\"true\" class=\"wp-block-cover__background has-nv-light-bg-background-color has-background-dim-100 has-background-dim\"><\/span><div class=\"wp-block-cover__inner-container\"><!-- wp:heading {\"level\":1,\"style\":{\"elements\":{\"link\":{\"color\":{\"text\":\"var:preset|color|custom-3\"}}},\"typography\":{\"fontSize\":\"39px\"}},\"textColor\":\"custom-3\"} -->\n<h1 class=\"wp-block-heading has-custom-3-color has-text-color has-link-color\" style=\"font-size:39px\"><strong>NOUS CONTACTER <\/strong><\/h1>\n<!-- \/wp:heading -->\n\n<!-- wp:group -->\n<div class=\"wp-block-group\"><!-- wp:paragraph -->\n<p><\/p>\n<!-- \/wp:paragraph --><\/div>\n<!-- \/wp:group --><\/div><\/div>\n<!-- \/wp:cover -->\n\n<!-- wp:columns -->\n<div class=\"wp-block-columns\"><!-- wp:column -->\n<div class=\"wp-block-column\"><\/div>\n<!-- \/wp:column --><\/div>\n<!-- \/wp:columns -->\n\n<!-- wp:cover {\"overlayColor\":\"custom-4\",\"minHeight\":535,\"minHeightUnit\":\"px\",\"align\":\"full\"} -->\n<div class=\"wp-block-cover alignfull\" style=\"min-height:535px\"><span aria-hidden=\"true\" class=\"wp-block-cover__background has-custom-4-background-color has-background-dim-100 has-background-dim\"><\/span><div class=\"wp-block-cover__inner-container\"><!-- wp:spacer {\"height\":\"21px\"} -->\n<div style=\"height:21px\" aria-hidden=\"true\" class=\"wp-block-spacer\"><\/div>\n<!-- \/wp:spacer -->\n\n<!-- wp:heading -->\n<h2 class=\"wp-block-heading\">Contactez-nous pour toute question suppl\u00e9mentaire !<\/h2>\n<!-- \/wp:heading -->\n\n<!-- wp:columns -->\n<div class=\"wp-block-columns\"><!-- wp:column {\"className\":\"ticss-4ce656f1\"} -->\n<div class=\"wp-block-column ticss-4ce656f1\"><!-- wp:group {\"backgroundColor\":\"nv-site-bg\"} -->\n<div class=\"wp-block-group has-nv-site-bg-background-color has-background\"><!-- wp:spacer {\"height\":\"24px\"} -->\n<div style=\"height:24px\" aria-hidden=\"true\" class=\"wp-block-spacer\"><\/div>\n<!-- \/wp:spacer -->\n\n<!-- wp:image {\"align\":\"center\",\"id\":796,\"width\":\"63px\",\"height\":\"auto\",\"sizeSlug\":\"full\",\"linkDestination\":\"none\",\"className\":\"icon-style is-style-default\"} -->\n<figure class=\"wp-block-image aligncenter size-full is-resized icon-style is-style-default\"><img src=\"http:\/\/www.fgm-partners.com\/wp-content\/uploads\/2023\/11\/Telephone.png\" alt=\"\" class=\"wp-image-796\" style=\"width:63px;height:auto\"\/><\/figure>\n<!-- \/wp:image -->\n\n<!-- wp:spacer {\"height\":\"24px\"} -->\n<div style=\"height:24px\" aria-hidden=\"true\" class=\"wp-block-spacer\"><\/div>\n<!-- \/wp:spacer -->\n\n<!-- wp:heading {\"level\":3,\"textColor\":\"custom-3\",\"className\":\"has-text-align-center\"} -->\n<h3 class=\"wp-block-heading has-text-align-center has-custom-3-color has-text-color\">T\u00e9l\u00e9phone<\/h3>\n<!-- \/wp:heading -->\n\n<!-- wp:paragraph {\"align\":\"center\",\"style\":{\"typography\":{\"fontSize\":15}},\"textColor\":\"neve-text-color\"} -->\n<p class=\"has-text-align-center has-neve-text-color-color has-text-color\" style=\"font-size:15px\"><strong>06.24.50.17.00<\/strong> | Lundi - Vendredi<\/p>\n<!-- \/wp:paragraph -->\n\n<!-- wp:spacer {\"height\":\"24px\"} -->\n<div style=\"height:24px\" aria-hidden=\"true\" class=\"wp-block-spacer\"><\/div>\n<!-- \/wp:spacer --><\/div>\n<!-- \/wp:group --><\/div>\n<!-- \/wp:column -->\n\n<!-- wp:column {\"className\":\"ticss-f6fc7494\"} -->\n<div class=\"wp-block-column ticss-f6fc7494\"><!-- wp:group {\"backgroundColor\":\"nv-site-bg\"} -->\n<div class=\"wp-block-group has-nv-site-bg-background-color has-background\"><!-- wp:spacer {\"height\":\"24px\"} -->\n<div style=\"height:24px\" aria-hidden=\"true\" class=\"wp-block-spacer\"><\/div>\n<!-- \/wp:spacer -->\n\n<!-- wp:image {\"align\":\"center\",\"id\":794,\"width\":\"66px\",\"height\":\"auto\",\"sizeSlug\":\"full\",\"linkDestination\":\"none\",\"className\":\"icon-style is-style-default\"} -->\n<figure class=\"wp-block-image aligncenter size-full is-resized icon-style is-style-default\"><img src=\"http:\/\/www.fgm-partners.com\/wp-content\/uploads\/2023\/11\/Mail.jpg\" alt=\"\" class=\"wp-image-794\" style=\"width:66px;height:auto\"\/><\/figure>\n<!-- \/wp:image -->\n\n<!-- wp:spacer {\"height\":\"24px\"} -->\n<div style=\"height:24px\" aria-hidden=\"true\" class=\"wp-block-spacer\"><\/div>\n<!-- \/wp:spacer -->\n\n<!-- wp:heading {\"level\":3,\"textColor\":\"custom-3\",\"className\":\"has-text-align-center\"} -->\n<h3 class=\"wp-block-heading has-text-align-center has-custom-3-color has-text-color\">Email<\/h3>\n<!-- \/wp:heading -->\n\n<!-- wp:paragraph {\"align\":\"center\",\"style\":{\"typography\":{\"fontSize\":15}},\"textColor\":\"neve-text-color\"} -->\n<p class=\"has-text-align-center has-neve-text-color-color has-text-color\" style=\"font-size:15px\"><strong>contact@fgm-partners.com<\/strong><\/p>\n<!-- \/wp:paragraph -->\n\n<!-- wp:spacer {\"height\":\"24px\"} -->\n<div style=\"height:24px\" aria-hidden=\"true\" class=\"wp-block-spacer\"><\/div>\n<!-- \/wp:spacer --><\/div>\n<!-- \/wp:group --><\/div>\n<!-- \/wp:column --><\/div>\n<!-- \/wp:columns -->\n\n<!-- wp:spacer {\"height\":\"30px\"} -->\n<div style=\"height:30px\" aria-hidden=\"true\" class=\"wp-block-spacer\"><\/div>\n<!-- \/wp:spacer --><\/div><\/div>\n<!-- \/wp:cover -->\n\n<!-- wp:columns -->\n<div class=\"wp-block-columns\"><!-- wp:column -->\n<div class=\"wp-block-column\"><\/div>\n<!-- \/wp:column --><\/div>\n<!-- \/wp:columns -->\n\n<!-- wp:columns -->\n<div class=\"wp-block-columns\"><!-- wp:column -->\n<div class=\"wp-block-column\"><\/div>\n<!-- \/wp:column --><\/div>\n<!-- \/wp:columns -->\n\n<!-- wp:columns -->\n<div class=\"wp-block-columns\"><!-- wp:column -->\n<div class=\"wp-block-column\"><\/div>\n<!-- \/wp:column --><\/div>\n<!-- \/wp:columns -->","_et_gb_content_width":"","_themeisle_gutenberg_block_has_review":false,"_ti_tpc_template_sync":false,"_ti_tpc_template_id":"re55dar6wrbbpp35jwhf","footnotes":""},"class_list":["post-75","page","type-page","status-publish","hentry"],"_links":{"self":[{"href":"https:\/\/www.fgm-partners.com\/index.php?rest_route=\/wp\/v2\/pages\/75","targetHints":{"allow":["GET"]}}],"collection":[{"href":"https:\/\/www.fgm-partners.com\/index.php?rest_route=\/wp\/v2\/pages"}],"about":[{"href":"https:\/\/www.fgm-partners.com\/index.php?rest_route=\/wp\/v2\/types\/page"}],"author":[{"embeddable":true,"href":"https:\/\/www.fgm-partners.com\/index.php?rest_route=\/wp\/v2\/users\/1"}],"replies":[{"embeddable":true,"href":"https:\/\/www.fgm-partners.com\/index.php?rest_route=%2Fwp%2Fv2%2Fcomments&post=75"}],"version-history":[{"count":57,"href":"https:\/\/www.fgm-partners.com\/index.php?rest_route=\/wp\/v2\/pages\/75\/revisions"}],"predecessor-version":[{"id":2787,"href":"https:\/\/www.fgm-partners.com\/index.php?rest_route=\/wp\/v2\/pages\/75\/revisions\/2787"}],"wp:attachment":[{"href":"https:\/\/www.fgm-partners.com\/index.php?rest_route=%2Fwp%2Fv2%2Fmedia&parent=75"}],"curies":[{"name":"wp","href":"https:\/\/api.w.org\/{rel}","templated":true}]}}